{"id":45,"date":"2023-09-05T10:28:03","date_gmt":"2023-09-05T10:28:03","guid":{"rendered":"https:\/\/vh2023izdeb-0.hosting-space.nl\/?page_id=45"},"modified":"2025-08-07T07:58:56","modified_gmt":"2025-08-07T07:58:56","slug":"trainings-locatie-costa-blanca-casa-benissa","status":"publish","type":"page","link":"https:\/\/casabenissa.nl\/es\/ubicacion-costa-blanca\/","title":{"rendered":"TrainingsLocatie Costa Blanca | Casa Benissa"},"content":{"rendered":"<div id=\"fws_69e30f5d66a35\"  data-column-margin=\"default\" data-midnight=\"dark\"  class=\"wpb_row vc_row-fluid vc_row\"  style=\"padding-top: 0px; padding-bottom: 0px; \"><div class=\"row-bg-wrap\" data-bg-animation=\"none\" data-bg-animation-delay=\"\" data-bg-overlay=\"false\"><div class=\"inner-wrap row-bg-layer\" ><div class=\"row-bg viewport-desktop\"  style=\"\"><\/div><\/div><\/div><div class=\"row_col_wrap_12 col span_12 dark left\">\n\t<div  class=\"vc_col-sm-12 wpb_column column_container vc_column_container col no-extra-padding inherit_tablet inherit_phone\"  data-padding-pos=\"all\" data-has-bg-color=\"false\" data-bg-color=\"\" data-bg-opacity=\"1\" data-animation=\"\" data-delay=\"0\" >\n\t\t<div class=\"vc_column-inner\" >\n\t\t\t<div class=\"wpb_wrapper\">\n\t\t\t\t<div class=\"col span_12 section-title text-align-center extra-padding\"><h2>\n<h1>Ubicaci\u00f3n<\/h1>\n<\/h2><\/div><div class=\"clear\"><\/div>\n\t\t\t<\/div> \n\t\t<\/div>\n\t<\/div> \n<\/div><\/div>\n\t\t<div id=\"fws_69e30f5d6776d\"  data-br=\"10px\" data-br-applies=\"bg\" data-column-margin=\"default\" data-midnight=\"dark\"  class=\"wpb_row vc_row-fluid vc_row\"  style=\"padding-top: 0px; padding-bottom: 0px; \"><div class=\"row-bg-wrap\" data-bg-animation=\"none\" data-bg-animation-delay=\"\" data-bg-overlay=\"false\"><div class=\"inner-wrap row-bg-layer\" ><div class=\"row-bg viewport-desktop\"  style=\"\"><\/div><\/div><\/div><div class=\"row_col_wrap_12 col span_12 dark left\">\n\t<div  class=\"vc_col-sm-6 wpb_column column_container vc_column_container col padding-2-percent inherit_tablet inherit_phone\"  data-border-radius=\"10px\" data-border-animation=\"\" data-border-animation-delay=\"\" data-border-width=\"1px\" data-border-style=\"solid\" data-border-color=\"#d1d1d1\" data-padding-pos=\"all\" data-has-bg-color=\"false\" data-bg-color=\"\" data-bg-opacity=\"1\" data-animation=\"\" data-delay=\"0\" >\n\t\t<div class=\"vc_column-inner\" style=\"border: 1px solid #d1d1d1;\">\n\t\t\t<div class=\"wpb_wrapper\">\n\t\t\t\t\n<div class=\"wpb_text_column wpb_content_element\" >\n\t<div class=\"wpb_wrapper\">\n\t\t<h2 style=\"text-align: left;\">Lugar de entrenamiento en la costa espa\u00f1ola<\/h2>\n<p>Casa Benissa es un peque\u00f1o y encantador centro de entrenamiento situado en un tranquilo barrio junto a una reserva natural protegida. A solo 800 metros del mar Mediterr\u00e1neo y cerca de la hermosa Playa La Fustera, este lugar ofrece una combinaci\u00f3n \u00fanica de tranquilidad, naturaleza e inspiraci\u00f3n.<\/p>\n<p class=\" translation-block\">Casa Benissa es un peque\u00f1o para\u00edso junto a una reserva natural, a tan solo 800 metros a pie de la Costa Blanca. Con extensas playas de arena, aguas cristalinas e impresionantes acantilados, Benissa Playa de la Fustera es un lugar de ensue\u00f1o tanto para los amantes de la playa como para los amantes de la naturaleza.<\/p>\n<p>La propiedad se encuentra en Benissa Costa, una zona verde y tranquila entre Moraira y Calpe. Gracias a su proximidad a la costa y al parque natural, Casa Benissa es ideal para pasear, disfrutar de actividades al aire libre y disfrutar de la naturaleza. El aeropuerto de Alicante est\u00e1 a aproximadamente una hora en coche.<\/p>\n<p>Situada entre las vibrantes localidades de Calpe y Moraira, Benissa Playa ofrece el equilibrio perfecto entre naturaleza virgen, relajaci\u00f3n y un encanto refinado. Visite la encantadora Benissa o la pintoresca Altea, con sus calles sinuosas y sus acogedores restaurantes, o explore la din\u00e1mica localidad de Calpe y el espectacular parque natural que rodea el emblem\u00e1tico Pe\u00f1\u00f3n de Ifach.<\/p>\n<p>Casa Benissa est\u00e1 a s\u00f3lo media hora en coche de Denia, desde donde sale el ferry hacia Ibiza y Mallorca, y el aeropuerto de Alicante est\u00e1 a una hora en coche.<\/p>\n\t<\/div>\n<\/div>\n\n\n\n\n<div class=\"wpb_text_column wpb_content_element\" >\n\t<div class=\"wpb_wrapper\">\n\t\t\t<\/div>\n<\/div>\n\n\n\n\n\t\t\t<\/div> \n\t\t<\/div>\n\t<\/div> \n\n\t<div  class=\"vc_col-sm-6 wpb_column column_container vc_column_container col no-extra-padding inherit_tablet inherit_phone\"  data-padding-pos=\"all\" data-has-bg-color=\"false\" data-bg-color=\"\" data-bg-opacity=\"1\" data-animation=\"\" data-delay=\"0\" >\n\t\t<div class=\"vc_column-inner\" >\n\t\t\t<div class=\"wpb_wrapper\">\n\t\t\t\t<div class=\"img-with-aniamtion-wrap\" data-max-width=\"100%\" data-max-width-mobile=\"default\" data-border-radius=\"10px\" data-shadow=\"small_depth\" data-animation=\"none\" >\n      <div class=\"inner\">\n        <div class=\"hover-wrap\"> \n          <div class=\"hover-wrap-inner\">\n            <img loading=\"lazy\" decoding=\"async\" class=\"img-with-animation skip-lazy\" data-delay=\"0\" height=\"720\" width=\"1280\" data-animation=\"none\" src=\"https:\/\/casabenissa.nl\/wp-content\/uploads\/play-de-la-fustera.jpg\" alt=\"playa de la fustera\" srcset=\"https:\/\/casabenissa.nl\/wp-content\/uploads\/play-de-la-fustera.jpg 1280w, https:\/\/casabenissa.nl\/wp-content\/uploads\/play-de-la-fustera-300x169.jpg 300w, https:\/\/casabenissa.nl\/wp-content\/uploads\/play-de-la-fustera-1024x576.jpg 1024w, https:\/\/casabenissa.nl\/wp-content\/uploads\/play-de-la-fustera-768x432.jpg 768w, https:\/\/casabenissa.nl\/wp-content\/uploads\/play-de-la-fustera-18x10.jpg 18w\" sizes=\"auto, (max-width: 1280px) 100vw, 1280px\" \/>\n          <\/div>\n        <\/div>\n      <\/div>\n    <\/div>\n\t\t\t<\/div> \n\t\t<\/div>\n\t<\/div> \n<\/div><\/div>\n\t\t<div id=\"fws_69e30f5d6910d\"  data-column-margin=\"default\" data-midnight=\"dark\"  class=\"wpb_row vc_row-fluid vc_row\"  style=\"padding-top: 0px; padding-bottom: 0px; \"><div class=\"row-bg-wrap\" data-bg-animation=\"none\" data-bg-animation-delay=\"\" data-bg-overlay=\"false\"><div class=\"inner-wrap row-bg-layer\" ><div class=\"row-bg viewport-desktop\"  style=\"\"><\/div><\/div><\/div><div class=\"row_col_wrap_12 col span_12 dark left\">\n\t<div  class=\"vc_col-sm-6 wpb_column column_container vc_column_container col padding-1-percent inherit_tablet inherit_phone\"  data-border-radius=\"15px\" data-padding-pos=\"all\" data-has-bg-color=\"false\" data-bg-color=\"\" data-bg-opacity=\"1\" data-animation=\"\" data-delay=\"0\" >\n\t\t<div class=\"vc_column-inner\" >\n\t\t\t<div class=\"wpb_wrapper\">\n\t\t\t\t<div class=\"img-with-aniamtion-wrap\" data-max-width=\"100%\" data-max-width-mobile=\"default\" data-shadow=\"none\" data-animation=\"none\" >\n      <div class=\"inner\">\n        <div class=\"hover-wrap\"> \n          <div class=\"hover-wrap-inner\">\n            <img loading=\"lazy\" decoding=\"async\" class=\"img-with-animation skip-lazy\" data-delay=\"0\" height=\"100\" width=\"100\" data-animation=\"none\" src=\"\" alt=\"\"  \/>\n          <\/div>\n        <\/div>\n      <\/div>\n    <\/div><div class=\"img-with-aniamtion-wrap\" data-max-width=\"100%\" data-max-width-mobile=\"default\" data-border-radius=\"15px\" data-shadow=\"none\" data-animation=\"none\" >\n      <div class=\"inner\">\n        <div class=\"hover-wrap\"> \n          <div class=\"hover-wrap-inner\">\n            <img loading=\"lazy\" decoding=\"async\" class=\"img-with-animation skip-lazy\" data-delay=\"0\" height=\"675\" width=\"1200\" data-animation=\"none\" src=\"https:\/\/casabenissa.nl\/wp-content\/uploads\/natuurgebeid-benissa.jpg\" alt=\"natuurgebied benissa\" srcset=\"https:\/\/casabenissa.nl\/wp-content\/uploads\/natuurgebeid-benissa.jpg 1200w, https:\/\/casabenissa.nl\/wp-content\/uploads\/natuurgebeid-benissa-300x169.jpg 300w, https:\/\/casabenissa.nl\/wp-content\/uploads\/natuurgebeid-benissa-1024x576.jpg 1024w, https:\/\/casabenissa.nl\/wp-content\/uploads\/natuurgebeid-benissa-768x432.jpg 768w, https:\/\/casabenissa.nl\/wp-content\/uploads\/natuurgebeid-benissa-18x10.jpg 18w\" sizes=\"auto, (max-width: 1200px) 100vw, 1200px\" \/>\n          <\/div>\n        <\/div>\n      <\/div>\n    <\/div><div class=\"img-with-aniamtion-wrap\" data-max-width=\"100%\" data-max-width-mobile=\"default\" data-border-radius=\"15px\" data-shadow=\"none\" data-animation=\"none\" >\n      <div class=\"inner\">\n        <div class=\"hover-wrap\"> \n          <div class=\"hover-wrap-inner\">\n            <img loading=\"lazy\" decoding=\"async\" class=\"img-with-animation skip-lazy\" data-delay=\"0\" height=\"900\" width=\"1200\" data-animation=\"none\" src=\"https:\/\/casabenissa.nl\/wp-content\/uploads\/TrainingsRuimte-Kust-Spanje.jpg\" alt=\"Espacio de entrenamiento en la costa espa\u00f1ola\" srcset=\"https:\/\/casabenissa.nl\/wp-content\/uploads\/TrainingsRuimte-Kust-Spanje.jpg 1200w, https:\/\/casabenissa.nl\/wp-content\/uploads\/TrainingsRuimte-Kust-Spanje-300x225.jpg 300w, https:\/\/casabenissa.nl\/wp-content\/uploads\/TrainingsRuimte-Kust-Spanje-1024x768.jpg 1024w, https:\/\/casabenissa.nl\/wp-content\/uploads\/TrainingsRuimte-Kust-Spanje-768x576.jpg 768w, https:\/\/casabenissa.nl\/wp-content\/uploads\/TrainingsRuimte-Kust-Spanje-16x12.jpg 16w\" sizes=\"auto, (max-width: 1200px) 100vw, 1200px\" \/>\n          <\/div>\n        <\/div>\n      <\/div>\n    <\/div><div class=\"img-with-aniamtion-wrap\" data-max-width=\"100%\" data-max-width-mobile=\"default\" data-border-radius=\"15px\" data-shadow=\"none\" data-animation=\"none\" >\n      <div class=\"inner\">\n        <div class=\"hover-wrap\"> \n          <div class=\"hover-wrap-inner\">\n            <img loading=\"lazy\" decoding=\"async\" class=\"img-with-animation skip-lazy\" data-delay=\"0\" height=\"1152\" width=\"2048\" data-animation=\"none\" src=\"https:\/\/casabenissa.nl\/wp-content\/uploads\/trainingslocatie-costa-blanca-scaled.jpg\" alt=\"lugar de entrenamiento costa blanca\" srcset=\"https:\/\/casabenissa.nl\/wp-content\/uploads\/trainingslocatie-costa-blanca-scaled.jpg 2048w, https:\/\/casabenissa.nl\/wp-content\/uploads\/trainingslocatie-costa-blanca-300x169.jpg 300w, https:\/\/casabenissa.nl\/wp-content\/uploads\/trainingslocatie-costa-blanca-1024x576.jpg 1024w, https:\/\/casabenissa.nl\/wp-content\/uploads\/trainingslocatie-costa-blanca-768x432.jpg 768w, https:\/\/casabenissa.nl\/wp-content\/uploads\/trainingslocatie-costa-blanca-1536x864.jpg 1536w, https:\/\/casabenissa.nl\/wp-content\/uploads\/trainingslocatie-costa-blanca-18x10.jpg 18w\" sizes=\"auto, (max-width: 2048px) 100vw, 2048px\" \/>\n          <\/div>\n        <\/div>\n      <\/div>\n    <\/div>\n\t\t\t<\/div> \n\t\t<\/div>\n\t<\/div> \n\n\t<div  class=\"vc_col-sm-6 wpb_column column_container vc_column_container col no-extra-padding inherit_tablet inherit_phone\"  data-padding-pos=\"all\" data-has-bg-color=\"false\" data-bg-color=\"\" data-bg-opacity=\"1\" data-animation=\"\" data-delay=\"0\" >\n\t\t<div class=\"vc_column-inner\" >\n\t\t\t<div class=\"wpb_wrapper\">\n\t\t\t\t\n<div class=\"wpb_text_column wpb_content_element\" >\n\t<div class=\"wpb_wrapper\">\n\t\t<div class=\"wpb_text_column wpb_content_element\">\n<div class=\"wpb_wrapper\">\n<h2>Informaci\u00f3n pr\u00e1ctica<\/h2>\n<\/div>\n<\/div>\n<div class=\"wpb_text_column wpb_content_element\">\n<div class=\"wpb_wrapper\">\n<p><strong>Direcci\u00f3n<\/strong><\/p>\n<p>Casa Benissa<br \/>\nCalle l'Api 5<br \/>\n03720 Benissa, Alicante \u2013 Espa\u00f1a<\/p>\n<p><strong>Informaci\u00f3n pr\u00e1ctica<\/strong><\/p>\n<p>Casa Benissa est\u00e1 situada en una zona tranquila al borde de una reserva natural, pero es f\u00e1cilmente accesible:<\/p>\n<p><strong>En avi\u00f3n<\/strong><\/p>\n<ul>\n<li>\n<ul>\n<li class=\" translation-block\">Aeropuerto de Alicante (ALC): aprox. 50 minutos en coche<\/li>\n<li class=\" translation-block\">Aeropuerto de Valencia (VLC): aproximadamente 1 hora y 15 minutos en coche.\nAmbos aeropuertos ofrecen vuelos diarios desde los Pa\u00edses Bajos y B\u00e9lgica.<\/li>\n<\/ul>\n<\/li>\n<\/ul>\n<p><strong>En coche<\/strong><\/p>\n<ul>\n<li>\n<ul>\n<li class=\" translation-block\">Desde la autopista AP-7, tomar la salida <strong>Benissa<\/strong>.<\/li>\n<li>Siga las indicaciones hacia la costa (Benissa la Fustera).<\/li>\n<li>Casa Benissa est\u00e1 situada junto a una reserva natural con amplio aparcamiento en el lugar.<\/li>\n<\/ul>\n<\/li>\n<\/ul>\n<p class=\" translation-block\"><strong>\u00bfNecesitas una transferencia?<\/strong><br> Si lo solicita, podemos organizar un <strong>traslado al aeropuerto<\/strong> o <strong>un coche de alquiler<\/strong> para usted.<\/p>\n<p class=\" translation-block\"><strong>Aparcamiento<\/strong><br> Hay aparcamiento gratuito en el establecimiento para varios coches.<\/p>\n<p><strong>Wi-Fi y tecnolog\u00eda<\/strong><\/p>\n<ul>\n<li>Red WiFi r\u00e1pida y estable<\/li>\n<li>Proyector y pantalla disponibles<\/li>\n<li>Pizarra blanca y rotafolios disponibles<\/li>\n<li>Tomas de corriente en varios lugares, tambi\u00e9n en el exterior<\/li>\n<\/ul>\n<p><strong>Idioma y soporte<\/strong><br \/>\nHablamos holand\u00e9s, ingl\u00e9s y espa\u00f1ol. Durante su estancia, siempre habr\u00e1 alguien disponible para ayudarle o resolver sus preguntas.<\/p>\n<p class=\" translation-block\"><strong>N\u00d3TESE BIEN:<\/strong><br> Todos los paquetes incluyen alojamiento en Casa Benissa para los entrenadores.<br> Los participantes podr\u00e1n reservar f\u00e1cilmente su estancia en las inmediaciones.<\/p>\n<\/div>\n<\/div>\n\t<\/div>\n<\/div>\n\n\n\n\n\t\t\t<\/div> \n\t\t<\/div>\n\t<\/div> \n<\/div><\/div>\n\t\t<div id=\"fws_69e30f5d6b546\"  data-column-margin=\"default\" data-midnight=\"dark\"  class=\"wpb_row vc_row-fluid vc_row\"  style=\"padding-top: 0px; padding-bottom: 0px; \"><div class=\"row-bg-wrap\" data-bg-animation=\"none\" data-bg-animation-delay=\"\" data-bg-overlay=\"false\"><div class=\"inner-wrap row-bg-layer\" ><div class=\"row-bg viewport-desktop\"  style=\"\"><\/div><\/div><\/div><div class=\"row_col_wrap_12 col span_12 dark left\">\n\t<div  class=\"vc_col-sm-12 wpb_column column_container vc_column_container col no-extra-padding inherit_tablet inherit_phone\"  data-padding-pos=\"all\" data-has-bg-color=\"false\" data-bg-color=\"\" data-bg-opacity=\"1\" data-animation=\"\" data-delay=\"0\" >\n\t\t<div class=\"vc_column-inner\" >\n\t\t\t<div class=\"wpb_wrapper\">\n\t\t\t\t<div id=\"map_69e30f5d6beb0\" style=\"height: 500px;\" class=\"nectar-leaflet-map\" data-infowindow-start-open=\"\" data-dark-color-scheme=\"\" data-marker-style=\"nectar\" data-nectar-marker-color=\"accent-color\" data-ultra-flat=\"\" data-greyscale=\"\" data-extra-color=\"\" data-enable-animation=\"false\" data-enable-zoom=\"\" data-zoom-level=\"14\" data-center-lat=\"38.6708462\" data-center-lng=\"0.085371\" data-marker-img=\"\"><\/div><div class=\"map_69e30f5d6beb0 map-marker-list\"><div class=\"map-marker\" data-marker-image-width=\"50\" data-marker-image-height=\"50\" data-lat=\"38.6708462\" data-lng=\"0.085371\" data-mapinfo=\"Casa Vonny\"><\/div><\/div>\n\t\t\t<\/div> \n\t\t<\/div>\n\t<\/div> \n<\/div><\/div>","protected":false},"excerpt":{"rendered":"Locatie Trainingslocatie aan de Spaanse kust Casa Benissa is een kleinschalige en sfeervolle trainingslocatie, gelegen in een rustige wijk aan de rand van een beschermd natuurgebied. Op slechts 800 meter...","protected":false},"author":1,"featured_media":0,"parent":0,"menu_order":0,"comment_status":"closed","ping_status":"closed","template":"","meta":{"footnotes":""},"class_list":["post-45","page","type-page","status-publish"],"yoast_head":"<!-- This site is optimized with the Yoast SEO Premium plugin v21.3 (Yoast SEO v27.4) - https:\/\/yoast.com\/product\/yoast-seo-premium-wordpress\/ -->\n<title>TrainingsLocatie Costa Blanca | Casa Benissa<\/title>\n<meta name=\"description\" content=\"Huur een trainingslocatie in Benissa Costa | Costa Blanca. Inspirerende ruimtes voor workshops, trainingen en retraites in Spanje.\" \/>\n<meta name=\"robots\" content=\"index, follow, max-snippet:-1, max-image-preview:large, max-video-preview:-1\" \/>\n<link rel=\"canonical\" href=\"https:\/\/casabenissa.nl\/es\/ubicacion-costa-blanca\/\" \/>\n<meta property=\"og:locale\" content=\"es_ES\" \/>\n<meta property=\"og:type\" content=\"article\" \/>\n<meta property=\"og:title\" content=\"TrainingsLocatie Costa Blanca | Casa Benissa\" \/>\n<meta property=\"og:description\" content=\"Huur een trainingslocatie in Benissa Costa | Costa Blanca. Inspirerende ruimtes voor workshops, trainingen en retraites in Spanje.\" \/>\n<meta property=\"og:url\" content=\"https:\/\/casabenissa.nl\/es\/ubicacion-costa-blanca\/\" \/>\n<meta property=\"og:site_name\" content=\"Casa Benissa\" \/>\n<meta property=\"article:modified_time\" content=\"2025-08-07T07:58:56+00:00\" \/>\n<meta property=\"og:image\" content=\"https:\/\/casabenissa.nl\/wp-content\/uploads\/Trainingslocatie-Spanje.jpg\" \/>\n\t<meta property=\"og:image:width\" content=\"1280\" \/>\n\t<meta property=\"og:image:height\" content=\"720\" \/>\n\t<meta property=\"og:image:type\" content=\"image\/jpeg\" \/>\n<meta name=\"twitter:card\" content=\"summary_large_image\" \/>\n<meta name=\"twitter:label1\" content=\"Tiempo de lectura\" \/>\n\t<meta name=\"twitter:data1\" content=\"2 minutos\" \/>\n<script type=\"application\/ld+json\" class=\"yoast-schema-graph\">{\"@context\":\"https:\\\/\\\/schema.org\",\"@graph\":[{\"@type\":\"WebPage\",\"@id\":\"https:\\\/\\\/casabenissa.nl\\\/es\\\/ubicacion-costa-blanca\\\/\",\"url\":\"https:\\\/\\\/casabenissa.nl\\\/es\\\/ubicacion-costa-blanca\\\/\",\"name\":\"TrainingsLocatie Costa Blanca | Casa Benissa\",\"isPartOf\":{\"@id\":\"https:\\\/\\\/vh2023izdeb-0.hosting-space.nl\\\/#website\"},\"datePublished\":\"2023-09-05T10:28:03+00:00\",\"dateModified\":\"2025-08-07T07:58:56+00:00\",\"description\":\"Huur een trainingslocatie in Benissa Costa | Costa Blanca. Inspirerende ruimtes voor workshops, trainingen en retraites in Spanje.\",\"breadcrumb\":{\"@id\":\"https:\\\/\\\/casabenissa.nl\\\/es\\\/ubicacion-costa-blanca\\\/#breadcrumb\"},\"inLanguage\":\"es\",\"potentialAction\":[{\"@type\":\"ReadAction\",\"target\":[\"https:\\\/\\\/casabenissa.nl\\\/es\\\/ubicacion-costa-blanca\\\/\"]}]},{\"@type\":\"BreadcrumbList\",\"@id\":\"https:\\\/\\\/casabenissa.nl\\\/es\\\/ubicacion-costa-blanca\\\/#breadcrumb\",\"itemListElement\":[{\"@type\":\"ListItem\",\"position\":1,\"name\":\"Home\",\"item\":\"https:\\\/\\\/vh2023izdeb-0.hosting-space.nl\\\/\"},{\"@type\":\"ListItem\",\"position\":2,\"name\":\"TrainingsLocatie Costa Blanca | Casa Benissa\"}]},{\"@type\":\"WebSite\",\"@id\":\"https:\\\/\\\/vh2023izdeb-0.hosting-space.nl\\\/#website\",\"url\":\"https:\\\/\\\/vh2023izdeb-0.hosting-space.nl\\\/\",\"name\":\"Casa Benissa | Trainingslocatie in Spanje\",\"description\":\"Trainingslocatie in Costa Blanca - Spanje\",\"publisher\":{\"@id\":\"https:\\\/\\\/vh2023izdeb-0.hosting-space.nl\\\/#organization\"},\"alternateName\":\"Huur een trainingslocatie in de Costa Blanca\",\"potentialAction\":[{\"@type\":\"SearchAction\",\"target\":{\"@type\":\"EntryPoint\",\"urlTemplate\":\"https:\\\/\\\/vh2023izdeb-0.hosting-space.nl\\\/?s={search_term_string}\"},\"query-input\":{\"@type\":\"PropertyValueSpecification\",\"valueRequired\":true,\"valueName\":\"search_term_string\"}}],\"inLanguage\":\"es\"},{\"@type\":\"Organization\",\"@id\":\"https:\\\/\\\/vh2023izdeb-0.hosting-space.nl\\\/#organization\",\"name\":\"Casa Benissa\",\"url\":\"https:\\\/\\\/vh2023izdeb-0.hosting-space.nl\\\/\",\"logo\":{\"@type\":\"ImageObject\",\"inLanguage\":\"es\",\"@id\":\"https:\\\/\\\/vh2023izdeb-0.hosting-space.nl\\\/#\\\/schema\\\/logo\\\/image\\\/\",\"url\":\"https:\\\/\\\/casabenissa.nl\\\/wp-content\\\/uploads\\\/Casa-benissa-logo.png\",\"contentUrl\":\"https:\\\/\\\/casabenissa.nl\\\/wp-content\\\/uploads\\\/Casa-benissa-logo.png\",\"width\":600,\"height\":300,\"caption\":\"Casa Benissa\"},\"image\":{\"@id\":\"https:\\\/\\\/vh2023izdeb-0.hosting-space.nl\\\/#\\\/schema\\\/logo\\\/image\\\/\"}}]}<\/script>\n<!-- \/ Yoast SEO Premium plugin. -->","yoast_head_json":{"title":"TrainingsLocatie Costa Blanca | Casa Benissa","description":"Huur een trainingslocatie in Benissa Costa | Costa Blanca. Inspirerende ruimtes voor workshops, trainingen en retraites in Spanje.","robots":{"index":"index","follow":"follow","max-snippet":"max-snippet:-1","max-image-preview":"max-image-preview:large","max-video-preview":"max-video-preview:-1"},"canonical":"https:\/\/casabenissa.nl\/es\/ubicacion-costa-blanca\/","og_locale":"es_ES","og_type":"article","og_title":"TrainingsLocatie Costa Blanca | Casa Benissa","og_description":"Huur een trainingslocatie in Benissa Costa | Costa Blanca. Inspirerende ruimtes voor workshops, trainingen en retraites in Spanje.","og_url":"https:\/\/casabenissa.nl\/es\/ubicacion-costa-blanca\/","og_site_name":"Casa Benissa","article_modified_time":"2025-08-07T07:58:56+00:00","og_image":[{"width":1280,"height":720,"url":"https:\/\/casabenissa.nl\/wp-content\/uploads\/Trainingslocatie-Spanje.jpg","type":"image\/jpeg"}],"twitter_card":"summary_large_image","twitter_misc":{"Tiempo de lectura":"2 minutos"},"schema":{"@context":"https:\/\/schema.org","@graph":[{"@type":"WebPage","@id":"https:\/\/casabenissa.nl\/es\/ubicacion-costa-blanca\/","url":"https:\/\/casabenissa.nl\/es\/ubicacion-costa-blanca\/","name":"TrainingsLocatie Costa Blanca | Casa Benissa","isPartOf":{"@id":"https:\/\/vh2023izdeb-0.hosting-space.nl\/#website"},"datePublished":"2023-09-05T10:28:03+00:00","dateModified":"2025-08-07T07:58:56+00:00","description":"Huur een trainingslocatie in Benissa Costa | Costa Blanca. Inspirerende ruimtes voor workshops, trainingen en retraites in Spanje.","breadcrumb":{"@id":"https:\/\/casabenissa.nl\/es\/ubicacion-costa-blanca\/#breadcrumb"},"inLanguage":"es","potentialAction":[{"@type":"ReadAction","target":["https:\/\/casabenissa.nl\/es\/ubicacion-costa-blanca\/"]}]},{"@type":"BreadcrumbList","@id":"https:\/\/casabenissa.nl\/es\/ubicacion-costa-blanca\/#breadcrumb","itemListElement":[{"@type":"ListItem","position":1,"name":"Home","item":"https:\/\/vh2023izdeb-0.hosting-space.nl\/"},{"@type":"ListItem","position":2,"name":"TrainingsLocatie Costa Blanca | Casa Benissa"}]},{"@type":"WebSite","@id":"https:\/\/vh2023izdeb-0.hosting-space.nl\/#website","url":"https:\/\/vh2023izdeb-0.hosting-space.nl\/","name":"Casa Benissa | Centro de formaci\u00f3n en Espa\u00f1a","description":"Lugar de entrenamiento en Costa Blanca - Espa\u00f1a","publisher":{"@id":"https:\/\/vh2023izdeb-0.hosting-space.nl\/#organization"},"alternateName":"Huur een trainingslocatie in de Costa Blanca","potentialAction":[{"@type":"SearchAction","target":{"@type":"EntryPoint","urlTemplate":"https:\/\/vh2023izdeb-0.hosting-space.nl\/?s={search_term_string}"},"query-input":{"@type":"PropertyValueSpecification","valueRequired":true,"valueName":"search_term_string"}}],"inLanguage":"es"},{"@type":"Organization","@id":"https:\/\/vh2023izdeb-0.hosting-space.nl\/#organization","name":"Casa Benissa","url":"https:\/\/vh2023izdeb-0.hosting-space.nl\/","logo":{"@type":"ImageObject","inLanguage":"es","@id":"https:\/\/vh2023izdeb-0.hosting-space.nl\/#\/schema\/logo\/image\/","url":"https:\/\/casabenissa.nl\/wp-content\/uploads\/Casa-benissa-logo.png","contentUrl":"https:\/\/casabenissa.nl\/wp-content\/uploads\/Casa-benissa-logo.png","width":600,"height":300,"caption":"Casa Benissa"},"image":{"@id":"https:\/\/vh2023izdeb-0.hosting-space.nl\/#\/schema\/logo\/image\/"}}]}},"_links":{"self":[{"href":"https:\/\/casabenissa.nl\/es\/wp-json\/wp\/v2\/pages\/45","targetHints":{"allow":["GET"]}}],"collection":[{"href":"https:\/\/casabenissa.nl\/es\/wp-json\/wp\/v2\/pages"}],"about":[{"href":"https:\/\/casabenissa.nl\/es\/wp-json\/wp\/v2\/types\/page"}],"author":[{"embeddable":true,"href":"https:\/\/casabenissa.nl\/es\/wp-json\/wp\/v2\/users\/1"}],"replies":[{"embeddable":true,"href":"https:\/\/casabenissa.nl\/es\/wp-json\/wp\/v2\/comments?post=45"}],"version-history":[{"count":0,"href":"https:\/\/casabenissa.nl\/es\/wp-json\/wp\/v2\/pages\/45\/revisions"}],"wp:attachment":[{"href":"https:\/\/casabenissa.nl\/es\/wp-json\/wp\/v2\/media?parent=45"}],"curies":[{"name":"gracias","href":"https:\/\/api.w.org\/{rel}","templated":true}]}}