{"id":1864,"date":"2023-10-12T10:18:40","date_gmt":"2023-10-12T10:18:40","guid":{"rendered":"https:\/\/casabenissa.nl\/?page_id=1864"},"modified":"2024-05-07T12:54:05","modified_gmt":"2024-05-07T12:54:05","slug":"omgeving-benissa","status":"publish","type":"page","link":"https:\/\/casabenissa.nl\/es\/zona-de-benissa\/","title":{"rendered":"Alrededores Benissa"},"content":{"rendered":"<div id=\"fws_69f86238504eb\"  data-column-margin=\"default\" data-midnight=\"dark\"  class=\"wpb_row vc_row-fluid vc_row\"  style=\"padding-top: 0px; padding-bottom: 0px; \"><div class=\"row-bg-wrap\" data-bg-animation=\"none\" data-bg-animation-delay=\"\" data-bg-overlay=\"false\"><div class=\"inner-wrap row-bg-layer\" ><div class=\"row-bg viewport-desktop\"  style=\"\"><\/div><\/div><\/div><div class=\"row_col_wrap_12 col span_12 dark left\">\n\t<div  class=\"vc_col-sm-12 wpb_column column_container vc_column_container col no-extra-padding inherit_tablet inherit_phone\"  data-padding-pos=\"all\" data-has-bg-color=\"false\" data-bg-color=\"\" data-bg-opacity=\"1\" data-animation=\"\" data-delay=\"0\" >\n\t\t<div class=\"vc_column-inner\" >\n\t\t\t<div class=\"wpb_wrapper\">\n\t\t\t\t<div class=\"col span_12 section-title text-align-center extra-padding\"><h2>\n<h1 style=\"text-align: center\">Alrededores Benissa<\/h1>\n<\/h2><\/div><div class=\"clear\"><\/div>\n\t\t\t<\/div> \n\t\t<\/div>\n\t<\/div> \n<\/div><\/div>\n\t\t<div id=\"fws_69f862385159f\"  data-column-margin=\"default\" data-midnight=\"dark\"  class=\"wpb_row vc_row-fluid vc_row\"  style=\"padding-top: 0px; padding-bottom: 0px; \"><div class=\"row-bg-wrap\" data-bg-animation=\"none\" data-bg-animation-delay=\"\" data-bg-overlay=\"false\"><div class=\"inner-wrap row-bg-layer\" ><div class=\"row-bg viewport-desktop\"  style=\"\"><\/div><\/div><\/div><div class=\"row_col_wrap_12 col span_12 dark left\">\n\t<div  class=\"vc_col-sm-12 wpb_column column_container vc_column_container col no-extra-padding inherit_tablet inherit_phone\"  data-padding-pos=\"all\" data-has-bg-color=\"false\" data-bg-color=\"\" data-bg-opacity=\"1\" data-animation=\"\" data-delay=\"0\" >\n\t\t<div class=\"vc_column-inner\" >\n\t\t\t<div class=\"wpb_wrapper\">\n\t\t\t\t<div id=\"map_69f86238520a1\" style=\"height: 500px;\" class=\"nectar-leaflet-map\" data-infowindow-start-open=\"1\" data-dark-color-scheme=\"\" data-marker-style=\"nectar\" data-nectar-marker-color=\"extra-color-2\" data-ultra-flat=\"\" data-greyscale=\"\" data-extra-color=\"\" data-enable-animation=\"false\" data-enable-zoom=\"\" data-zoom-level=\"9\" data-center-lat=\"38.6706656\" data-center-lng=\"0.0853366\" data-marker-img=\"\"><\/div><div class=\"map_69f86238520a1 map-marker-list\"><div class=\"map-marker\" data-marker-image-width=\"50\" data-marker-image-height=\"50\" data-lat=\"38.6706656\" data-lng=\"0.0853366\" data-mapinfo=\"Casa Benissa\"><\/div><\/div>\n\t\t\t<\/div> \n\t\t<\/div>\n\t<\/div> \n<\/div><\/div>\n\t\t<div id=\"fws_69f86238524c6\"  data-br=\"10px\" data-br-applies=\"bg\" data-column-margin=\"default\" data-midnight=\"dark\"  class=\"wpb_row vc_row-fluid vc_row\"  style=\"padding-top: 0px; padding-bottom: 0px; \"><div class=\"row-bg-wrap\" data-bg-animation=\"none\" data-bg-animation-delay=\"\" data-bg-overlay=\"false\"><div class=\"inner-wrap row-bg-layer\" ><div class=\"row-bg viewport-desktop\"  style=\"\"><\/div><\/div><\/div><div class=\"row_col_wrap_12 col span_12 dark left\">\n\t<div  class=\"vc_col-sm-12 wpb_column column_container vc_column_container col padding-2-percent inherit_tablet inherit_phone\"  data-border-radius=\"10px\" data-border-animation=\"\" data-border-animation-delay=\"\" data-border-width=\"1px\" data-border-style=\"solid\" data-border-color=\"#d1d1d1\" data-padding-pos=\"all\" data-has-bg-color=\"false\" data-bg-color=\"\" data-bg-opacity=\"1\" data-animation=\"\" data-delay=\"0\" >\n\t\t<div class=\"vc_column-inner\" style=\"border: 1px solid #d1d1d1;\">\n\t\t\t<div class=\"wpb_wrapper\">\n\t\t\t\t\n<div class=\"wpb_text_column wpb_content_element\" >\n\t<div class=\"wpb_wrapper\">\n\t\t<p>Casa Benissa se encuentra en la encantadora Benissa Playa, estrat\u00e9gicamente situada entre las bulliciosas ciudades de Calpe y Moraira, pero tambi\u00e9n a poca distancia de otras hermosas ciudades costeras como J\u00e1vea, Denia y Altea en la Costa Blanca en Espa\u00f1a.<\/p>\n<h2>Benissa<\/h2>\n<p>Merece la pena visitar el centro de Benissa. Encontrar\u00e1 panader\u00edas, carnicer\u00edas, una helader\u00eda y varias cafeter\u00edas agradables. Tambi\u00e9n hay varios buenos restaurantes de tapas y podr\u00e1 disfrutar paseando por las callejuelas de este bonito y aut\u00e9ntico pueblo. Todos los s\u00e1bados hay un gran mercado de ropa y art\u00edculos de 10.00 a 14.00 horas.<\/p>\n<h2>Calpe<\/h2>\n<p>A poca distancia en coche de Casa Benissa se encuentra Calpe, conocida por su ic\u00f3nica roca caliza, el Pe\u00f1\u00f3n de Ifach, que se eleva desde el mar y ofrece impresionantes vistas del Mediterr\u00e1neo. Calpe tambi\u00e9n ofrece un animado centro de la ciudad lleno de tiendas, restaurantes y bares, as\u00ed como hermosos puertos deportivos donde se puede disfrutar de un tranquilo paseo por el paseo mar\u00edtimo.<\/p>\n<h2>Moraira<\/h2>\n<p>Al otro lado de Casa Benissa se encuentra Moraira, un encantador pueblo pesquero conocido por su pintoresco puerto, sus sinuosas calles y sus id\u00edlicas calas. Aqu\u00ed podr\u00e1 disfrutar de delicioso pescado fresco en los numerosos restaurantes junto al mar, o simplemente relajarse con una copa de vino y disfrutar del ritmo pausado de la vida junto al Mediterr\u00e1neo.<\/p>\n<h2>El valle del Jal\u00f3n<\/h2>\n<p>Benissa est\u00e1 cerca del Valle del Jal\u00f3n. Este valle est\u00e1 formado por los pueblos: Jal\u00f3n, Alcalal\u00ed, Ll\u00edber, Parcent, Murla, Benichembla, Senija y Castell de Castells. Todos ellos pueblos peque\u00f1os y agradables de visitar. En el valle se puede disfrutar de hermosas <a href=\"https:\/\/casabenissa.nl\/de-mooiste-wandelingen-in-de-buurt-van-benissa-verken-de-natuurlijke-schoonheid-van-de-costa-blanca\/\">senderismo<\/a> y <a href=\"https:\/\/casabenissa.nl\/fietsroutes-in-de-omgeving-van-benissa\/\">bicicletas<\/a>. La ruta de Ll\u00edber y Jal\u00f3n est\u00e1 llena de vi\u00f1edos, olivares y almendros. Producen principalmente vinos dulces que saben bien como vinos de postre. De aqu\u00ed proceden los famosos Moscatel y Mistela. Una visita a una de las bodegas no deber\u00eda faltar durante su visita al valle.<\/p>\n<h2>J\u00e1vea<\/h2>\n<p>J\u00e1vea, tambi\u00e9n conocida como X\u00e0bia, es una pintoresca localidad costera caracterizada por sus hermosas playas, su casco hist\u00f3rico y la emblem\u00e1tica monta\u00f1a del Montg\u00f3 que vigila la ciudad. Los visitantes pueden disfrutar del animado puerto deportivo, degustar deliciosos platos locales en los numerosos restaurantes y admirar las impresionantes vistas desde el faro del Cabo de la Nao.<\/p>\n<h2>Denia<\/h2>\n<p>Denia, una animada ciudad portuaria, ofrece una mezcla de historia, cultura y belleza natural. Explore el hist\u00f3rico castillo de Denia, pasee por las calles empedradas del casco antiguo y disfrute de las extensas playas de arena que se extienden a lo largo de la costa. Denia tambi\u00e9n es conocida por su excelente gastronom\u00eda, con abundantes restaurantes que sirven especialidades locales como pescado fresco y marisco.<\/p>\n<h2>Altea<\/h2>\n<p>Altea, con su pintoresco casco antiguo y sus casas encaladas, es una aut\u00e9ntica perla de la Costa Blanca. El pintoresco centro est\u00e1 situado en lo alto de la monta\u00f1a. En el \"pueblo blanco\" podr\u00e1 disfrutar paseando por las estrechas callejuelas y comprando en las peque\u00f1as boutiques. Pasee por las callejuelas, admire la hermosa c\u00fapula azul de la Iglesia de la Virgen de la Fuga y disfrute de las impresionantes vistas del mar Mediterr\u00e1neo desde el pintoresco paseo mar\u00edtimo. Altea es tambi\u00e9n un importante centro art\u00edstico, con numerosas galer\u00edas y artistas inspirados por la encantadora belleza de la zona. Altea tiene largas playas de arena con paseo mar\u00edtimo y muchos Beach clubs donde se puede comer y beber muy bien.<\/p>\n<h2>Alicante y Valencia<\/h2>\n<p>Benissa se encuentra entre las grandes ciudades de Alicante y Valencia. Alicante es menos conocida por el p\u00fablico en general que Valencia, pero tambi\u00e9n es una ciudad s\u00faper divertida para visitar. En coche se llega a Alicante en poco menos de una hora, Valencia est\u00e1 a poco m\u00e1s de una hora.<\/p>\n\t<\/div>\n<\/div>\n\n\n\n\n\t\t\t<\/div> \n\t\t<\/div>\n\t<\/div> \n<\/div><\/div>","protected":false},"excerpt":{"rendered":"Omgeving Benissa Casa Benissa is gelegen in het betoverende Benissa Playa, strategisch gelegen tussen de bruisende steden Calpe en Moraira, maar ook op korte afstand van andere prachtige kustplaatsen zoals...","protected":false},"author":1,"featured_media":0,"parent":0,"menu_order":0,"comment_status":"closed","ping_status":"closed","template":"","meta":{"footnotes":""},"class_list":["post-1864","page","type-page","status-publish"],"yoast_head":"<!-- This site is optimized with the Yoast SEO Premium plugin v21.3 (Yoast SEO v27.5) - https:\/\/yoast.com\/product\/yoast-seo-premium-wordpress\/ -->\n<title>Omgeving Benissa<\/title>\n<meta name=\"description\" content=\"Omgeving Benissa\" \/>\n<meta name=\"robots\" content=\"index, follow, max-snippet:-1, max-image-preview:large, max-video-preview:-1\" \/>\n<link rel=\"canonical\" href=\"https:\/\/casabenissa.nl\/es\/zona-de-benissa\/\" \/>\n<meta property=\"og:locale\" content=\"es_ES\" \/>\n<meta property=\"og:type\" content=\"article\" \/>\n<meta property=\"og:title\" content=\"Omgeving Benissa\" \/>\n<meta property=\"og:description\" content=\"Omgeving Benissa\" \/>\n<meta property=\"og:url\" content=\"https:\/\/casabenissa.nl\/es\/zona-de-benissa\/\" \/>\n<meta property=\"og:site_name\" content=\"Casa Benissa\" \/>\n<meta property=\"article:modified_time\" content=\"2024-05-07T12:54:05+00:00\" \/>\n<meta property=\"og:image\" content=\"https:\/\/casabenissa.nl\/wp-content\/uploads\/Trainingslocatie-Spanje.jpg\" \/>\n\t<meta property=\"og:image:width\" content=\"1280\" \/>\n\t<meta property=\"og:image:height\" content=\"720\" \/>\n\t<meta property=\"og:image:type\" content=\"image\/jpeg\" \/>\n<meta name=\"twitter:card\" content=\"summary_large_image\" \/>\n<meta name=\"twitter:label1\" content=\"Tiempo de lectura\" \/>\n\t<meta name=\"twitter:data1\" content=\"2 minutos\" \/>\n<script type=\"application\/ld+json\" class=\"yoast-schema-graph\">{\"@context\":\"https:\\\/\\\/schema.org\",\"@graph\":[{\"@type\":\"WebPage\",\"@id\":\"https:\\\/\\\/casabenissa.nl\\\/es\\\/zona-de-benissa\\\/\",\"url\":\"https:\\\/\\\/casabenissa.nl\\\/es\\\/zona-de-benissa\\\/\",\"name\":\"Omgeving Benissa\",\"isPartOf\":{\"@id\":\"https:\\\/\\\/vh2023izdeb-0.hosting-space.nl\\\/en\\\/#website\"},\"datePublished\":\"2023-10-12T10:18:40+00:00\",\"dateModified\":\"2024-05-07T12:54:05+00:00\",\"description\":\"Omgeving Benissa\",\"breadcrumb\":{\"@id\":\"https:\\\/\\\/casabenissa.nl\\\/es\\\/zona-de-benissa\\\/#breadcrumb\"},\"inLanguage\":\"es\",\"potentialAction\":[{\"@type\":\"ReadAction\",\"target\":[\"https:\\\/\\\/casabenissa.nl\\\/es\\\/zona-de-benissa\\\/\"]}]},{\"@type\":\"BreadcrumbList\",\"@id\":\"https:\\\/\\\/casabenissa.nl\\\/es\\\/zona-de-benissa\\\/#breadcrumb\",\"itemListElement\":[{\"@type\":\"ListItem\",\"position\":1,\"name\":\"Home\",\"item\":\"https:\\\/\\\/vh2023izdeb-0.hosting-space.nl\\\/en\\\/\"},{\"@type\":\"ListItem\",\"position\":2,\"name\":\"Omgeving Benissa\"}]},{\"@type\":\"WebSite\",\"@id\":\"https:\\\/\\\/vh2023izdeb-0.hosting-space.nl\\\/en\\\/#website\",\"url\":\"https:\\\/\\\/vh2023izdeb-0.hosting-space.nl\\\/en\\\/\",\"name\":\"Casa Benissa | Trainingslocatie in Spanje\",\"description\":\"Trainingslocatie in Costa Blanca - Spanje\",\"publisher\":{\"@id\":\"https:\\\/\\\/vh2023izdeb-0.hosting-space.nl\\\/en\\\/#organization\"},\"alternateName\":\"Huur een trainingslocatie in de Costa Blanca\",\"potentialAction\":[{\"@type\":\"SearchAction\",\"target\":{\"@type\":\"EntryPoint\",\"urlTemplate\":\"https:\\\/\\\/vh2023izdeb-0.hosting-space.nl\\\/en\\\/?s={search_term_string}\"},\"query-input\":{\"@type\":\"PropertyValueSpecification\",\"valueRequired\":true,\"valueName\":\"search_term_string\"}}],\"inLanguage\":\"es\"},{\"@type\":\"Organization\",\"@id\":\"https:\\\/\\\/vh2023izdeb-0.hosting-space.nl\\\/en\\\/#organization\",\"name\":\"Casa Benissa\",\"url\":\"https:\\\/\\\/vh2023izdeb-0.hosting-space.nl\\\/en\\\/\",\"logo\":{\"@type\":\"ImageObject\",\"inLanguage\":\"es\",\"@id\":\"https:\\\/\\\/vh2023izdeb-0.hosting-space.nl\\\/en\\\/#\\\/schema\\\/logo\\\/image\\\/\",\"url\":\"https:\\\/\\\/casabenissa.nl\\\/wp-content\\\/uploads\\\/Casa-benissa-logo.png\",\"contentUrl\":\"https:\\\/\\\/casabenissa.nl\\\/wp-content\\\/uploads\\\/Casa-benissa-logo.png\",\"width\":600,\"height\":300,\"caption\":\"Casa Benissa\"},\"image\":{\"@id\":\"https:\\\/\\\/vh2023izdeb-0.hosting-space.nl\\\/en\\\/#\\\/schema\\\/logo\\\/image\\\/\"}}]}<\/script>\n<!-- \/ Yoast SEO Premium plugin. -->","yoast_head_json":{"title":"Alrededores Benissa","description":"Alrededores Benissa","robots":{"index":"index","follow":"follow","max-snippet":"max-snippet:-1","max-image-preview":"max-image-preview:large","max-video-preview":"max-video-preview:-1"},"canonical":"https:\/\/casabenissa.nl\/es\/zona-de-benissa\/","og_locale":"es_ES","og_type":"article","og_title":"Omgeving Benissa","og_description":"Omgeving Benissa","og_url":"https:\/\/casabenissa.nl\/es\/zona-de-benissa\/","og_site_name":"Casa Benissa","article_modified_time":"2024-05-07T12:54:05+00:00","og_image":[{"width":1280,"height":720,"url":"https:\/\/casabenissa.nl\/wp-content\/uploads\/Trainingslocatie-Spanje.jpg","type":"image\/jpeg"}],"twitter_card":"summary_large_image","twitter_misc":{"Tiempo de lectura":"2 minutos"},"schema":{"@context":"https:\/\/schema.org","@graph":[{"@type":"WebPage","@id":"https:\/\/casabenissa.nl\/es\/zona-de-benissa\/","url":"https:\/\/casabenissa.nl\/es\/zona-de-benissa\/","name":"Alrededores Benissa","isPartOf":{"@id":"https:\/\/vh2023izdeb-0.hosting-space.nl\/en\/#website"},"datePublished":"2023-10-12T10:18:40+00:00","dateModified":"2024-05-07T12:54:05+00:00","description":"Alrededores Benissa","breadcrumb":{"@id":"https:\/\/casabenissa.nl\/es\/zona-de-benissa\/#breadcrumb"},"inLanguage":"es","potentialAction":[{"@type":"ReadAction","target":["https:\/\/casabenissa.nl\/es\/zona-de-benissa\/"]}]},{"@type":"BreadcrumbList","@id":"https:\/\/casabenissa.nl\/es\/zona-de-benissa\/#breadcrumb","itemListElement":[{"@type":"ListItem","position":1,"name":"Home","item":"https:\/\/vh2023izdeb-0.hosting-space.nl\/en\/"},{"@type":"ListItem","position":2,"name":"Omgeving Benissa"}]},{"@type":"WebSite","@id":"https:\/\/vh2023izdeb-0.hosting-space.nl\/en\/#website","url":"https:\/\/vh2023izdeb-0.hosting-space.nl\/en\/","name":"Casa Benissa | Centro de formaci\u00f3n en Espa\u00f1a","description":"Lugar de entrenamiento en Costa Blanca - Espa\u00f1a","publisher":{"@id":"https:\/\/vh2023izdeb-0.hosting-space.nl\/en\/#organization"},"alternateName":"Huur een trainingslocatie in de Costa Blanca","potentialAction":[{"@type":"SearchAction","target":{"@type":"EntryPoint","urlTemplate":"https:\/\/vh2023izdeb-0.hosting-space.nl\/en\/?s={search_term_string}"},"query-input":{"@type":"PropertyValueSpecification","valueRequired":true,"valueName":"search_term_string"}}],"inLanguage":"es"},{"@type":"Organization","@id":"https:\/\/vh2023izdeb-0.hosting-space.nl\/en\/#organization","name":"Casa Benissa","url":"https:\/\/vh2023izdeb-0.hosting-space.nl\/en\/","logo":{"@type":"ImageObject","inLanguage":"es","@id":"https:\/\/vh2023izdeb-0.hosting-space.nl\/en\/#\/schema\/logo\/image\/","url":"https:\/\/casabenissa.nl\/wp-content\/uploads\/Casa-benissa-logo.png","contentUrl":"https:\/\/casabenissa.nl\/wp-content\/uploads\/Casa-benissa-logo.png","width":600,"height":300,"caption":"Casa Benissa"},"image":{"@id":"https:\/\/vh2023izdeb-0.hosting-space.nl\/en\/#\/schema\/logo\/image\/"}}]}},"_links":{"self":[{"href":"https:\/\/casabenissa.nl\/es\/wp-json\/wp\/v2\/pages\/1864","targetHints":{"allow":["GET"]}}],"collection":[{"href":"https:\/\/casabenissa.nl\/es\/wp-json\/wp\/v2\/pages"}],"about":[{"href":"https:\/\/casabenissa.nl\/es\/wp-json\/wp\/v2\/types\/page"}],"author":[{"embeddable":true,"href":"https:\/\/casabenissa.nl\/es\/wp-json\/wp\/v2\/users\/1"}],"replies":[{"embeddable":true,"href":"https:\/\/casabenissa.nl\/es\/wp-json\/wp\/v2\/comments?post=1864"}],"version-history":[{"count":0,"href":"https:\/\/casabenissa.nl\/es\/wp-json\/wp\/v2\/pages\/1864\/revisions"}],"wp:attachment":[{"href":"https:\/\/casabenissa.nl\/es\/wp-json\/wp\/v2\/media?parent=1864"}],"curies":[{"name":"gracias","href":"https:\/\/api.w.org\/{rel}","templated":true}]}}