{"id":1426,"date":"2023-09-27T06:42:06","date_gmt":"2023-09-27T06:42:06","guid":{"rendered":"https:\/\/vh2023izdeb-0.hosting-space.nl\/?page_id=1426"},"modified":"2023-10-05T12:10:38","modified_gmt":"2023-10-05T12:10:38","slug":"privacy-statement","status":"publish","type":"page","link":"https:\/\/casabenissa.nl\/es\/declaracion-de-privacidad\/","title":{"rendered":"Declaraci\u00f3n de confidencialidad"},"content":{"rendered":"<div id=\"fws_69e0ce0f404fe\"  data-column-margin=\"default\" data-midnight=\"dark\"  class=\"wpb_row vc_row-fluid vc_row\"  style=\"padding-top: 0px; padding-bottom: 0px; \"><div class=\"row-bg-wrap\" data-bg-animation=\"none\" data-bg-animation-delay=\"\" data-bg-overlay=\"false\"><div class=\"inner-wrap row-bg-layer\" ><div class=\"row-bg viewport-desktop\"  style=\"\"><\/div><\/div><\/div><div class=\"row_col_wrap_12 col span_12 dark left\">\n\t<div  class=\"vc_col-sm-12 wpb_column column_container vc_column_container col no-extra-padding inherit_tablet inherit_phone\"  data-padding-pos=\"all\" data-has-bg-color=\"false\" data-bg-color=\"\" data-bg-opacity=\"1\" data-animation=\"\" data-delay=\"0\" >\n\t\t<div class=\"vc_column-inner\" >\n\t\t\t<div class=\"wpb_wrapper\">\n\t\t\t\t\n<div class=\"wpb_text_column wpb_content_element\" >\n\t<div class=\"wpb_wrapper\">\n\t\t<h1>Declaraci\u00f3n de confidencialidad<\/h1>\n\t<\/div>\n<\/div>\n\n\n\n\n\t\t\t<\/div> \n\t\t<\/div>\n\t<\/div> \n<\/div><\/div>\n\t\t<div id=\"fws_69e0ce0f4115d\"  data-column-margin=\"default\" data-midnight=\"dark\"  class=\"wpb_row vc_row-fluid vc_row\"  style=\"padding-top: 0px; padding-bottom: 0px; \"><div class=\"row-bg-wrap\" data-bg-animation=\"none\" data-bg-animation-delay=\"\" data-bg-overlay=\"false\"><div class=\"inner-wrap row-bg-layer\" ><div class=\"row-bg viewport-desktop\"  style=\"\"><\/div><\/div><\/div><div class=\"row_col_wrap_12 col span_12 dark left\">\n\t<div  class=\"vc_col-sm-12 wpb_column column_container vc_column_container col padding-2-percent inherit_tablet inherit_phone\"  data-border-radius=\"10px\" data-border-animation=\"\" data-border-animation-delay=\"\" data-border-width=\"1px\" data-border-style=\"solid\" data-border-color=\"#d3d3d3\" data-padding-pos=\"all\" data-has-bg-color=\"false\" data-bg-color=\"\" data-bg-opacity=\"1\" data-animation=\"\" data-delay=\"0\" >\n\t\t<div class=\"vc_column-inner\" style=\"border: 1px solid #d3d3d3;\">\n\t\t\t<div class=\"wpb_wrapper\">\n\t\t\t\t\n<div class=\"wpb_text_column wpb_content_element\" >\n\t<div class=\"wpb_wrapper\">\n\t\t<h2>Declaraci\u00f3n de confidencialidad<\/h2>\n<p>Los datos personales se procesan a trav\u00e9s de nuestros sitios web. Concedemos gran importancia al tratamiento cuidadoso de los datos personales. Por lo tanto, los datos personales son tratados y protegidos cuidadosamente por nosotros.<\/p>\n<p>Casa Benissa cumple con las disposiciones de la AVG (Reglamento General de Protecci\u00f3n de Datos), lo que significa, entre otras cosas:<\/p>\n<ul>\n<li>Exponemos claramente los fines para los que tratamos los datos personales. Lo hacemos a trav\u00e9s de esta declaraci\u00f3n de privacidad;<\/li>\n<li>Limitamos nuestra recopilaci\u00f3n de datos personales a los necesarios para fines leg\u00edtimos;<\/li>\n<li>Primero solicitamos su consentimiento expl\u00edcito para procesar sus datos personales en los casos en que se requiere su consentimiento;<\/li>\n<li>Tomamos las medidas de seguridad adecuadas para proteger sus datos personales y exigimos lo mismo a las partes que procesan datos personales en nuestro nombre;<\/li>\n<li>Respetamos su derecho a ofrecer sus datos personales para su inspecci\u00f3n, correcci\u00f3n o eliminaci\u00f3n a petici\u00f3n suya.<\/li>\n<\/ul>\n<p>Esta declaraci\u00f3n de privacidad establece c\u00f3mo tratamos los datos personales que obtenemos en nuestro contacto con usted.<\/p>\n<p>Esta declaraci\u00f3n de privacidad se actualiz\u00f3 por \u00faltima vez el 27-09-2023.<\/p>\n<h3>Sus datos personales<\/h3>\n<p>Hacemos todo lo posible por proteger sus datos. Necesitamos datos personales para garantizarle nuestros servicios. Casa Benissa trata estos datos personales porque usted utiliza nuestros servicios y\/o porque usted mismo nos los ha facilitado.<\/p>\n<p>Utilizamos estos datos para los siguientes fines:<\/p>\n<ul>\n<li>Prestaci\u00f3n y facturaci\u00f3n de nuestros servicios;<\/li>\n<li>Env\u00edo de mensajes de servicio relacionados con Casa Benissa;<\/li>\n<li>Env\u00edo de boletines;<\/li>\n<li>Tramitaci\u00f3n y\/o transmisi\u00f3n de los datos necesarios para ponerle en contacto con inquilinos, propietarios, compradores y vendedores y viceversa. ;<\/li>\n<li>Tomar medidas para mejorar los servicios y facilitar informaci\u00f3n.<\/li>\n<\/ul>\n<h3>Sitio web seguro<\/h3>\n<p>En las p\u00e1ginas en las que introduce datos en nuestro sitio web, utilizamos una conexi\u00f3n SSL (Secure Sockets Layer) con cifrado. Todos los m\u00e9todos de pago que ofrecemos est\u00e1n igualmente protegidos. Puede saber que sus datos se env\u00edan encriptados por el s\u00edmbolo de un candado cerrado o una llave en la barra de estado de su navegador.<br \/>\nPor cierto, todo nuestro sitio web se basa en una conexi\u00f3n segura SSL.<\/p>\n<h3>Periodo de almacenamiento<\/h3>\n<p>No conservamos datos de terceros, como nombres y direcciones de correo electr\u00f3nico, m\u00e1s tiempo del estrictamente necesario. Esto significa que todos los datos de nuestros clientes y suscriptores de nuestros boletines se eliminan inmediatamente a petici\u00f3n de la persona u organizaci\u00f3n afectada.<\/p>\n<h3>Ajuste de los datos<\/h3>\n<p>Tiene derecho a solicitar el acceso a sus datos, as\u00ed como su rectificaci\u00f3n o supresi\u00f3n. Para m\u00e1s detalles, consulte nuestra p\u00e1gina de contacto. Para evitar abusos, podemos pedirle que facilite una identificaci\u00f3n adecuada al hacerlo.<\/p>\n<h3>Divulgaci\u00f3n a terceros<\/h3>\n<p>No cedemos los datos personales de nuestros clientes, inquilinos, compradores y otras partes interesadas a terceros con fines lucrativos. No trabajamos con cookies que se utilizan con fines publicitarios y ganar dinero con ello. S\u00f3lo nos centramos en servir a nuestros clientes en el campo del alquiler de casas, casas de vacaciones, etc. en Espa\u00f1a.<\/p>\n<p>S\u00f3lo facilitamos sus datos a terceros y \u00fanicamente si es necesario para la ejecuci\u00f3n de nuestro acuerdo con usted o para cumplir una obligaci\u00f3n legal.<\/p>\n<h3>Excepciones<\/h3>\n<p>Casa Benissa se reserva expresamente el derecho de almacenar todos los datos posibles de personas y\/o organizaciones que ofrezcan sus servicios a nuestros clientes de forma no solicitada, env\u00eden publicidad no solicitada o intenten de cualquier otra forma utilizar nuestro sitio web para fines para los que el sitio web de Casa Benissa no est\u00e1 destinado. A las personas que hagan un uso indebido del sitio web de esta forma se les podr\u00e1 denegar el acceso al sitio web o limitar su uso. Los datos as\u00ed recogidos sobre personas f\u00edsicas y\/o jur\u00eddicas ser\u00e1n utilizados exclusivamente dentro de la organizaci\u00f3n de Casa Benissa y no ser\u00e1n divulgados a terceros.<\/p>\n<p>se reserva el derecho de divulgar todos los datos de los usuarios de los sitios web gestionados por Casa Benissa si dicho(s) usuario(s) u otros interesados, con su comportamiento o por no cumplir o no cumplir puntualmente con sus obligaciones, enga\u00f1an a otras personas o instituciones y\/o causan cualquier tipo de perjuicio.<\/p>\n<h3>\u00bfPreguntas?<\/h3>\n<p>Queremos que nuestro sitio web y nuestros servicios sean totalmente transparentes para todos los usuarios. La privacidad de nuestros clientes y visitantes de nuestros sitios web nunca se ve comprometida. No obstante, si tiene alguna duda al respecto, siempre puede enviarnos un mensaje a trav\u00e9s de nuestro\u00a0<a href=\"\/contact\/\">p\u00e1gina de contacto<\/a>.<\/p>\n<h3>\u00bfCambios en la declaraci\u00f3n de privacidad?<\/h3>\n<p>Casa Benissa se reserva el derecho a realizar cambios en esta declaraci\u00f3n de privacidad.<\/p>\n\t<\/div>\n<\/div>\n\n\n\n\n\t\t\t<\/div> \n\t\t<\/div>\n\t<\/div> \n<\/div><\/div>","protected":false},"excerpt":{"rendered":"Privacy Statement Privacy verklaring Via onze websites worden persoonsgegevens verwerkt. Wij achten een zorgvuldige omgang met persoonsgegevens van groot belang. Persoonlijke gegevens worden door ons dan ook zorgvuldig verwerkt en...","protected":false},"author":1,"featured_media":0,"parent":0,"menu_order":0,"comment_status":"closed","ping_status":"closed","template":"","meta":{"footnotes":""},"class_list":["post-1426","page","type-page","status-publish"],"yoast_head":"<!-- This site is optimized with the Yoast SEO Premium plugin v21.3 (Yoast SEO v27.4) - https:\/\/yoast.com\/product\/yoast-seo-premium-wordpress\/ -->\n<title>Privacy Statement<\/title>\n<meta name=\"robots\" content=\"index, follow, max-snippet:-1, max-image-preview:large, max-video-preview:-1\" \/>\n<link rel=\"canonical\" href=\"https:\/\/casabenissa.nl\/es\/declaracion-de-privacidad\/\" \/>\n<meta property=\"og:locale\" content=\"es_ES\" \/>\n<meta property=\"og:type\" content=\"article\" \/>\n<meta property=\"og:title\" content=\"Privacy Statement\" \/>\n<meta property=\"og:url\" content=\"https:\/\/casabenissa.nl\/es\/declaracion-de-privacidad\/\" \/>\n<meta property=\"og:site_name\" content=\"Casa Benissa\" \/>\n<meta property=\"article:modified_time\" content=\"2023-10-05T12:10:38+00:00\" \/>\n<meta property=\"og:image\" content=\"https:\/\/casabenissa.nl\/wp-content\/uploads\/Trainingslocatie-Spanje.jpg\" \/>\n\t<meta property=\"og:image:width\" content=\"1280\" \/>\n\t<meta property=\"og:image:height\" content=\"720\" \/>\n\t<meta property=\"og:image:type\" content=\"image\/jpeg\" \/>\n<meta name=\"twitter:card\" content=\"summary_large_image\" \/>\n<meta name=\"twitter:label1\" content=\"Tiempo de lectura\" \/>\n\t<meta name=\"twitter:data1\" content=\"5 minutos\" \/>\n<script type=\"application\/ld+json\" class=\"yoast-schema-graph\">{\"@context\":\"https:\\\/\\\/schema.org\",\"@graph\":[{\"@type\":\"WebPage\",\"@id\":\"https:\\\/\\\/casabenissa.nl\\\/es\\\/declaracion-de-privacidad\\\/\",\"url\":\"https:\\\/\\\/casabenissa.nl\\\/es\\\/declaracion-de-privacidad\\\/\",\"name\":\"Privacy Statement\",\"isPartOf\":{\"@id\":\"https:\\\/\\\/casabenissa.nl\\\/es\\\/#website\"},\"datePublished\":\"2023-09-27T06:42:06+00:00\",\"dateModified\":\"2023-10-05T12:10:38+00:00\",\"breadcrumb\":{\"@id\":\"https:\\\/\\\/casabenissa.nl\\\/es\\\/declaracion-de-privacidad\\\/#breadcrumb\"},\"inLanguage\":\"es\",\"potentialAction\":[{\"@type\":\"ReadAction\",\"target\":[\"https:\\\/\\\/casabenissa.nl\\\/es\\\/declaracion-de-privacidad\\\/\"]}]},{\"@type\":\"BreadcrumbList\",\"@id\":\"https:\\\/\\\/casabenissa.nl\\\/es\\\/declaracion-de-privacidad\\\/#breadcrumb\",\"itemListElement\":[{\"@type\":\"ListItem\",\"position\":1,\"name\":\"Home\",\"item\":\"https:\\\/\\\/casabenissa.nl\\\/es\\\/\"},{\"@type\":\"ListItem\",\"position\":2,\"name\":\"Privacy Statement\"}]},{\"@type\":\"WebSite\",\"@id\":\"https:\\\/\\\/casabenissa.nl\\\/es\\\/#website\",\"url\":\"https:\\\/\\\/casabenissa.nl\\\/es\\\/\",\"name\":\"Casa Benissa | Trainingslocatie in Spanje\",\"description\":\"Trainingslocatie in Costa Blanca - Spanje\",\"publisher\":{\"@id\":\"https:\\\/\\\/casabenissa.nl\\\/es\\\/#organization\"},\"alternateName\":\"Huur een trainingslocatie in de Costa Blanca\",\"potentialAction\":[{\"@type\":\"SearchAction\",\"target\":{\"@type\":\"EntryPoint\",\"urlTemplate\":\"https:\\\/\\\/casabenissa.nl\\\/es\\\/?s={search_term_string}\"},\"query-input\":{\"@type\":\"PropertyValueSpecification\",\"valueRequired\":true,\"valueName\":\"search_term_string\"}}],\"inLanguage\":\"es\"},{\"@type\":\"Organization\",\"@id\":\"https:\\\/\\\/casabenissa.nl\\\/es\\\/#organization\",\"name\":\"Casa Benissa\",\"url\":\"https:\\\/\\\/casabenissa.nl\\\/es\\\/\",\"logo\":{\"@type\":\"ImageObject\",\"inLanguage\":\"es\",\"@id\":\"https:\\\/\\\/casabenissa.nl\\\/es\\\/#\\\/schema\\\/logo\\\/image\\\/\",\"url\":\"https:\\\/\\\/casabenissa.nl\\\/wp-content\\\/uploads\\\/Casa-benissa-logo.png\",\"contentUrl\":\"https:\\\/\\\/casabenissa.nl\\\/wp-content\\\/uploads\\\/Casa-benissa-logo.png\",\"width\":600,\"height\":300,\"caption\":\"Casa Benissa\"},\"image\":{\"@id\":\"https:\\\/\\\/casabenissa.nl\\\/es\\\/#\\\/schema\\\/logo\\\/image\\\/\"}}]}<\/script>\n<!-- \/ Yoast SEO Premium plugin. -->","yoast_head_json":{"title":"Declaraci\u00f3n de confidencialidad","robots":{"index":"index","follow":"follow","max-snippet":"max-snippet:-1","max-image-preview":"max-image-preview:large","max-video-preview":"max-video-preview:-1"},"canonical":"https:\/\/casabenissa.nl\/es\/declaracion-de-privacidad\/","og_locale":"es_ES","og_type":"article","og_title":"Privacy Statement","og_url":"https:\/\/casabenissa.nl\/es\/declaracion-de-privacidad\/","og_site_name":"Casa Benissa","article_modified_time":"2023-10-05T12:10:38+00:00","og_image":[{"width":1280,"height":720,"url":"https:\/\/casabenissa.nl\/wp-content\/uploads\/Trainingslocatie-Spanje.jpg","type":"image\/jpeg"}],"twitter_card":"summary_large_image","twitter_misc":{"Tiempo de lectura":"5 minutos"},"schema":{"@context":"https:\/\/schema.org","@graph":[{"@type":"WebPage","@id":"https:\/\/casabenissa.nl\/es\/declaracion-de-privacidad\/","url":"https:\/\/casabenissa.nl\/es\/declaracion-de-privacidad\/","name":"Declaraci\u00f3n de confidencialidad","isPartOf":{"@id":"https:\/\/casabenissa.nl\/es\/#website"},"datePublished":"2023-09-27T06:42:06+00:00","dateModified":"2023-10-05T12:10:38+00:00","breadcrumb":{"@id":"https:\/\/casabenissa.nl\/es\/declaracion-de-privacidad\/#breadcrumb"},"inLanguage":"es","potentialAction":[{"@type":"ReadAction","target":["https:\/\/casabenissa.nl\/es\/declaracion-de-privacidad\/"]}]},{"@type":"BreadcrumbList","@id":"https:\/\/casabenissa.nl\/es\/declaracion-de-privacidad\/#breadcrumb","itemListElement":[{"@type":"ListItem","position":1,"name":"Home","item":"https:\/\/casabenissa.nl\/es\/"},{"@type":"ListItem","position":2,"name":"Privacy Statement"}]},{"@type":"WebSite","@id":"https:\/\/casabenissa.nl\/es\/#website","url":"https:\/\/casabenissa.nl\/es\/","name":"Casa Benissa | Centro de formaci\u00f3n en Espa\u00f1a","description":"Lugar de entrenamiento en Costa Blanca - Espa\u00f1a","publisher":{"@id":"https:\/\/casabenissa.nl\/es\/#organization"},"alternateName":"Huur een trainingslocatie in de Costa Blanca","potentialAction":[{"@type":"SearchAction","target":{"@type":"EntryPoint","urlTemplate":"https:\/\/casabenissa.nl\/es\/?s={search_term_string}"},"query-input":{"@type":"PropertyValueSpecification","valueRequired":true,"valueName":"search_term_string"}}],"inLanguage":"es"},{"@type":"Organization","@id":"https:\/\/casabenissa.nl\/es\/#organization","name":"Casa Benissa","url":"https:\/\/casabenissa.nl\/es\/","logo":{"@type":"ImageObject","inLanguage":"es","@id":"https:\/\/casabenissa.nl\/es\/#\/schema\/logo\/image\/","url":"https:\/\/casabenissa.nl\/wp-content\/uploads\/Casa-benissa-logo.png","contentUrl":"https:\/\/casabenissa.nl\/wp-content\/uploads\/Casa-benissa-logo.png","width":600,"height":300,"caption":"Casa Benissa"},"image":{"@id":"https:\/\/casabenissa.nl\/es\/#\/schema\/logo\/image\/"}}]}},"_links":{"self":[{"href":"https:\/\/casabenissa.nl\/es\/wp-json\/wp\/v2\/pages\/1426","targetHints":{"allow":["GET"]}}],"collection":[{"href":"https:\/\/casabenissa.nl\/es\/wp-json\/wp\/v2\/pages"}],"about":[{"href":"https:\/\/casabenissa.nl\/es\/wp-json\/wp\/v2\/types\/page"}],"author":[{"embeddable":true,"href":"https:\/\/casabenissa.nl\/es\/wp-json\/wp\/v2\/users\/1"}],"replies":[{"embeddable":true,"href":"https:\/\/casabenissa.nl\/es\/wp-json\/wp\/v2\/comments?post=1426"}],"version-history":[{"count":0,"href":"https:\/\/casabenissa.nl\/es\/wp-json\/wp\/v2\/pages\/1426\/revisions"}],"wp:attachment":[{"href":"https:\/\/casabenissa.nl\/es\/wp-json\/wp\/v2\/media?parent=1426"}],"curies":[{"name":"gracias","href":"https:\/\/api.w.org\/{rel}","templated":true}]}}